{"id":228,"date":"2022-01-19T09:27:17","date_gmt":"2022-01-19T08:27:17","guid":{"rendered":"https:\/\/www.golf.najeti.fr\/faq\/"},"modified":"2026-01-08T14:41:40","modified_gmt":"2026-01-08T13:41:40","slug":"faq","status":"publish","type":"page","link":"https:\/\/www.golf.najeti.fr\/en\/faq\/","title":{"rendered":"FAQ"},"content":{"rendered":"<div data-elementor-type=\"wp-page\" data-elementor-id=\"228\" class=\"elementor elementor-228\" data-elementor-post-type=\"page\">\n\t\t\t\t<div class=\"elementor-element elementor-element-de92192 e-con-full e-flex e-con e-parent\" data-id=\"de92192\" data-element_type=\"container\" data-settings=\"{&quot;background_background&quot;:&quot;classic&quot;,&quot;_ob_use_container_extras&quot;:&quot;no&quot;,&quot;_ob_column_hoveranimator&quot;:&quot;no&quot;,&quot;_ob_glider_is_slider&quot;:&quot;no&quot;,&quot;_ob_column_has_pseudo&quot;:&quot;no&quot;}\">\n\t\t<div class=\"elementor-element elementor-element-2265b73 e-flex e-con-boxed e-con e-child\" data-id=\"2265b73\" data-element_type=\"container\" data-settings=\"{&quot;_ob_use_container_extras&quot;:&quot;no&quot;,&quot;_ob_column_hoveranimator&quot;:&quot;no&quot;,&quot;_ob_glider_is_slider&quot;:&quot;no&quot;,&quot;_ob_column_has_pseudo&quot;:&quot;no&quot;}\">\n\t\t\t\t\t<div class=\"e-con-inner\">\n\t\t\t\t\t<\/div>\n\t\t\t\t<\/div>\n\t\t\t\t<div class=\"elementor-element elementor-element-9ba248c ob-has-background-overlay elementor-widget elementor-widget-image\" data-id=\"9ba248c\" data-element_type=\"widget\" data-settings=\"{&quot;_ob_photomorph_use&quot;:&quot;no&quot;,&quot;_ob_widget_stalker_use&quot;:&quot;no&quot;,&quot;_ob_poopart_use&quot;:&quot;yes&quot;,&quot;_ob_shadough_use&quot;:&quot;no&quot;,&quot;_ob_allow_hoveranimator&quot;:&quot;no&quot;}\" data-widget_type=\"image.default\">\n\t\t\t\t<div class=\"elementor-widget-container\">\n\t\t\t\t\t\t\t\t\t\t\t\t\t\t\t<img fetchpriority=\"high\" decoding=\"async\" width=\"1033\" height=\"388\" src=\"https:\/\/www.golf.najeti.fr\/wp-content\/uploads\/2022\/01\/Logo_HotelDuGolf.svg\" class=\"attachment-full size-full wp-image-357\" alt=\"\" title=\"Photo -\">\t\t\t\t\t\t\t\t\t\t\t\t\t\t\t<\/div>\n\t\t\t\t<\/div>\n\t\t<div class=\"elementor-element elementor-element-c52968f e-flex e-con-boxed e-con e-child\" data-id=\"c52968f\" data-element_type=\"container\" data-settings=\"{&quot;_ob_use_container_extras&quot;:&quot;no&quot;,&quot;_ob_column_hoveranimator&quot;:&quot;no&quot;,&quot;_ob_glider_is_slider&quot;:&quot;no&quot;,&quot;_ob_column_has_pseudo&quot;:&quot;no&quot;}\">\n\t\t\t\t\t<div class=\"e-con-inner\">\n\t\t\t\t<div class=\"elementor-element elementor-element-b70e21d elementor-align-center ob-has-background-overlay elementor-widget elementor-widget-button\" data-id=\"b70e21d\" data-element_type=\"widget\" data-settings=\"{&quot;_ob_butterbutton_use_it&quot;:&quot;no&quot;,&quot;_ob_widget_stalker_use&quot;:&quot;no&quot;,&quot;_ob_poopart_use&quot;:&quot;yes&quot;,&quot;_ob_shadough_use&quot;:&quot;no&quot;,&quot;_ob_allow_hoveranimator&quot;:&quot;no&quot;}\" data-widget_type=\"button.default\">\n\t\t\t\t<div class=\"elementor-widget-container\">\n\t\t\t\t\t\t\t\t\t<div class=\"elementor-button-wrapper\">\n\t\t\t\t\t<a class=\"elementor-button elementor-button-link elementor-size-lg\" href=\"#ecran2\">\n\t\t\t\t\t\t<span class=\"elementor-button-content-wrapper\">\n\t\t\t\t\t\t<span class=\"elementor-button-icon\">\n\t\t\t\t<svg xmlns=\"http:\/\/www.w3.org\/2000\/svg\" width=\"39.167\" height=\"22.394\" viewbox=\"0 0 39.167 22.394\"><path id=\"Icon_ionic-ios-arrow-down\" data-name=\"Icon ionic-ios-arrow-down\" d=\"M25.778,26.89l14.81-14.821a2.787,2.787,0,0,1,3.953,0,2.822,2.822,0,0,1,0,3.965L27.76,32.825a2.794,2.794,0,0,1-3.86.082L7,16.045a2.8,2.8,0,0,1,3.953-3.965Z\" transform=\"translate(-6.188 -11.247)\" fill=\"#fff\"><\/path><\/svg>\t\t\t<\/span>\n\t\t\t\t\t\t\t\t<\/span>\n\t\t\t\t\t<\/a>\n\t\t\t\t<\/div>\n\t\t\t\t\t\t\t\t<\/div>\n\t\t\t\t<\/div>\n\t\t\t\t\t<\/div>\n\t\t\t\t<\/div>\n\t\t\t\t<\/div>\n\t\t\t\t<section class=\"elementor-section elementor-top-section elementor-element elementor-element-4e1540f6 elementor-section-boxed elementor-section-height-default elementor-section-height-default\" data-id=\"4e1540f6\" data-element_type=\"section\" id=\"ecran2\" data-settings=\"{&quot;background_background&quot;:&quot;classic&quot;,&quot;_ob_glider_is_slider&quot;:&quot;no&quot;}\">\n\t\t\t\t\t\t<div class=\"elementor-container elementor-column-gap-default\">\n\t\t\t\t\t<div class=\"elementor-column elementor-col-100 elementor-top-column elementor-element elementor-element-1b642092\" data-id=\"1b642092\" data-element_type=\"column\" data-settings=\"{&quot;_ob_column_hoveranimator&quot;:&quot;no&quot;,&quot;_ob_column_has_pseudo&quot;:&quot;no&quot;}\">\n\t\t\t<div class=\"elementor-widget-wrap elementor-element-populated\">\n\t\t\t\t\t\t<div class=\"elementor-element elementor-element-2a0f163a ob-harakiri-inherit ob-has-background-overlay elementor-widget elementor-widget-heading\" data-id=\"2a0f163a\" data-element_type=\"widget\" data-settings=\"{&quot;_ob_use_harakiri&quot;:&quot;yes&quot;,&quot;_ob_harakiri_writing_mode&quot;:&quot;inherit&quot;,&quot;_ob_harakiri_text_clip&quot;:&quot;none&quot;,&quot;_ob_widget_stalker_use&quot;:&quot;no&quot;,&quot;_ob_poopart_use&quot;:&quot;yes&quot;,&quot;_ob_shadough_use&quot;:&quot;no&quot;,&quot;_ob_allow_hoveranimator&quot;:&quot;no&quot;}\" data-widget_type=\"heading.default\">\n\t\t\t\t<div class=\"elementor-widget-container\">\n\t\t\t\t\t<h1 class=\"elementor-heading-title elementor-size-default\">\/ FAQ<\/h1>\t\t\t\t<\/div>\n\t\t\t\t<\/div>\n\t\t\t\t<div class=\"elementor-element elementor-element-7dd3ea92 ob-harakiri-inherit ob-has-background-overlay elementor-widget elementor-widget-text-editor\" data-id=\"7dd3ea92\" data-element_type=\"widget\" data-settings=\"{&quot;_ob_use_harakiri&quot;:&quot;yes&quot;,&quot;_ob_harakiri_writing_mode&quot;:&quot;inherit&quot;,&quot;_ob_postman_use&quot;:&quot;no&quot;,&quot;_ob_widget_stalker_use&quot;:&quot;no&quot;,&quot;_ob_poopart_use&quot;:&quot;yes&quot;,&quot;_ob_shadough_use&quot;:&quot;no&quot;,&quot;_ob_allow_hoveranimator&quot;:&quot;no&quot;}\" data-widget_type=\"text-editor.default\">\n\t\t\t\t<div class=\"elementor-widget-container\">\n\t\t\t\t\t\t\t\t\t<p>Do you have a question about the hotel, your reservation or your future stay?<br \/>Perhaps your answer is here! If not, don't hesitate to contact us by phone or e-mail.<\/p>\t\t\t\t\t\t\t\t<\/div>\n\t\t\t\t<\/div>\n\t\t\t\t<div class=\"elementor-element elementor-element-5e4c23f2 ob-harakiri-inherit ob-has-background-overlay elementor-widget elementor-widget-heading\" data-id=\"5e4c23f2\" data-element_type=\"widget\" data-settings=\"{&quot;_ob_use_harakiri&quot;:&quot;yes&quot;,&quot;_ob_harakiri_writing_mode&quot;:&quot;inherit&quot;,&quot;_ob_harakiri_text_clip&quot;:&quot;none&quot;,&quot;_ob_widget_stalker_use&quot;:&quot;no&quot;,&quot;_ob_poopart_use&quot;:&quot;yes&quot;,&quot;_ob_shadough_use&quot;:&quot;no&quot;,&quot;_ob_allow_hoveranimator&quot;:&quot;no&quot;}\" data-widget_type=\"heading.default\">\n\t\t\t\t<div class=\"elementor-widget-container\">\n\t\t\t\t\t<h2 class=\"elementor-heading-title elementor-size-default\">The hotel<\/h2>\t\t\t\t<\/div>\n\t\t\t\t<\/div>\n\t\t\t\t<div class=\"elementor-element elementor-element-7e3d4180 ob-harakiri-inherit ob-has-background-overlay elementor-widget elementor-widget-text-editor\" data-id=\"7e3d4180\" data-element_type=\"widget\" data-settings=\"{&quot;_ob_use_harakiri&quot;:&quot;yes&quot;,&quot;_ob_harakiri_writing_mode&quot;:&quot;inherit&quot;,&quot;_ob_postman_use&quot;:&quot;no&quot;,&quot;_ob_widget_stalker_use&quot;:&quot;no&quot;,&quot;_ob_poopart_use&quot;:&quot;yes&quot;,&quot;_ob_shadough_use&quot;:&quot;no&quot;,&quot;_ob_allow_hoveranimator&quot;:&quot;no&quot;}\" data-widget_type=\"text-editor.default\">\n\t\t\t\t<div class=\"elementor-widget-container\">\n\t\t\t\t\t\t\t\t\t<p><strong>What is the difference between a Charming room and a Luxury room?<\/strong><br \/>Nos chambres Luxe ont vue sur le golf de Saint-Omer et vous proposent plus de produits d&rsquo;accueil que nos chambres Charme, qui ont vue sur la for\u00eat. Il y a \u00e9galement des peignoirs et chaussons qui sont mis \u00e0 disposition dans la chambre.<\/p><p>\u00a0<\/p><p><strong>Do you have a car park?<\/strong><br \/>Yes, we have a free car park for residents. It is closed by a gate and has video surveillance.<\/p><p>\u00a0<\/p><p><strong>Avez-vous des chambres familiales ou communicantes ?<\/strong><br \/>Yes, we can offer family rooms in Junior Suites only. The maximum we can accommodate is 2 adults, 2 children under 12 and a cot. Our rooms are not connected.<\/p><p>\u00a0<\/p><p><strong>Do you have smoking rooms?<\/strong><br \/>No, the establishment is entirely non-smoking.<\/p><p>\u00a0<\/p><p><strong>Do all rooms have a safe?<\/strong><br \/>Yes, regardless of the category, you can store your valuables in your room.<\/p><p>\u00a0<\/p><p><strong>Can I request an extra bed in my room? How much will it cost me?<\/strong><br \/>No, only the Junior Suite rooms can accommodate 3 adults. We do not have an extra bed.<\/p><p>\u00a0<\/p><p><strong>I have a baby, does the hotel have adequate facilities?<\/strong><br \/>Yes, we can provide a baby kit including a cot, a changing mat, a small bathtub and a toilet potty on request and subject to availability.<\/p><p>\u00a0<\/p><p><strong>Is the hotel suitable for people with reduced mobility?<\/strong><br \/>Yes, we have 3 rooms for disabled people and a lift.<\/p><p>\u00a0<\/p><p><strong>Do you have a lift?<\/strong><br \/>Yes, the hotel has a lift.<\/p><p><strong>Can I eat at the hotel?<\/strong><br \/>Yes, the hotel has a restaurant open every evening and Sunday lunchtime, the Najeti Restaurant le Lodge; and a brasserie open every lunchtime, the Najeti Brasserie le Ristand\u00e8l.<\/p>\t\t\t\t\t\t\t\t<\/div>\n\t\t\t\t<\/div>\n\t\t\t\t<div class=\"elementor-element elementor-element-3f7590cb ob-harakiri-inherit ob-has-background-overlay elementor-widget elementor-widget-heading\" data-id=\"3f7590cb\" data-element_type=\"widget\" data-settings=\"{&quot;_ob_use_harakiri&quot;:&quot;yes&quot;,&quot;_ob_harakiri_writing_mode&quot;:&quot;inherit&quot;,&quot;_ob_harakiri_text_clip&quot;:&quot;none&quot;,&quot;_ob_widget_stalker_use&quot;:&quot;no&quot;,&quot;_ob_poopart_use&quot;:&quot;yes&quot;,&quot;_ob_shadough_use&quot;:&quot;no&quot;,&quot;_ob_allow_hoveranimator&quot;:&quot;no&quot;}\" data-widget_type=\"heading.default\">\n\t\t\t\t<div class=\"elementor-widget-container\">\n\t\t\t\t\t<h2 class=\"elementor-heading-title elementor-size-default\">The stay<\/h2>\t\t\t\t<\/div>\n\t\t\t\t<\/div>\n\t\t\t\t<div class=\"elementor-element elementor-element-7564f6dd ob-harakiri-inherit ob-has-background-overlay elementor-widget elementor-widget-text-editor\" data-id=\"7564f6dd\" data-element_type=\"widget\" data-settings=\"{&quot;_ob_use_harakiri&quot;:&quot;yes&quot;,&quot;_ob_harakiri_writing_mode&quot;:&quot;inherit&quot;,&quot;_ob_postman_use&quot;:&quot;no&quot;,&quot;_ob_widget_stalker_use&quot;:&quot;no&quot;,&quot;_ob_poopart_use&quot;:&quot;yes&quot;,&quot;_ob_shadough_use&quot;:&quot;no&quot;,&quot;_ob_allow_hoveranimator&quot;:&quot;no&quot;}\" data-widget_type=\"text-editor.default\">\n\t\t\t\t<div class=\"elementor-widget-container\">\n\t\t\t\t\t\t\t\t\t<p><strong>What are the departure and arrival times?<\/strong><br \/>Arrival is from 4 pm and departure until 12 noon.<\/p><p>\u00a0<\/p><p><strong>Do you have a luggage store?<\/strong><br \/>Yes, on request. We also have a bicycle and golf cart room.<\/p><p>\u00a0<\/p><p><strong>Do you accept pets? What is the rate?<\/strong><br \/>Yes, we like pets and accept them on a leash in the hotel and restaurant. The fee is \u20ac15 per night per pet.<\/p><p>\u00a0<\/p><p><strong>Do you have an internet connection at the hotel? Is it free?<\/strong><br \/>Yes, the hotel offers free Wi-Fi.<\/p><p>\u00a0<\/p><p><strong>What should I do if I forget something in my room?<\/strong><br \/>You can contact our team who will send you the forgotten item in exchange for a delivery fee.<\/p>\t\t\t\t\t\t\t\t<\/div>\n\t\t\t\t<\/div>\n\t\t\t\t<div class=\"elementor-element elementor-element-7c38b80 ob-harakiri-inherit ob-has-background-overlay elementor-widget elementor-widget-heading\" data-id=\"7c38b80\" data-element_type=\"widget\" data-settings=\"{&quot;_ob_use_harakiri&quot;:&quot;yes&quot;,&quot;_ob_harakiri_writing_mode&quot;:&quot;inherit&quot;,&quot;_ob_harakiri_text_clip&quot;:&quot;none&quot;,&quot;_ob_widget_stalker_use&quot;:&quot;no&quot;,&quot;_ob_poopart_use&quot;:&quot;yes&quot;,&quot;_ob_shadough_use&quot;:&quot;no&quot;,&quot;_ob_allow_hoveranimator&quot;:&quot;no&quot;}\" data-widget_type=\"heading.default\">\n\t\t\t\t<div class=\"elementor-widget-container\">\n\t\t\t\t\t<h2 class=\"elementor-heading-title elementor-size-default\">Les tarifs<\/h2>\t\t\t\t<\/div>\n\t\t\t\t<\/div>\n\t\t\t\t<div class=\"elementor-element elementor-element-4d45af4 ob-harakiri-inherit ob-has-background-overlay elementor-widget elementor-widget-text-editor\" data-id=\"4d45af4\" data-element_type=\"widget\" data-settings=\"{&quot;_ob_use_harakiri&quot;:&quot;yes&quot;,&quot;_ob_harakiri_writing_mode&quot;:&quot;inherit&quot;,&quot;_ob_postman_use&quot;:&quot;no&quot;,&quot;_ob_widget_stalker_use&quot;:&quot;no&quot;,&quot;_ob_poopart_use&quot;:&quot;yes&quot;,&quot;_ob_shadough_use&quot;:&quot;no&quot;,&quot;_ob_allow_hoveranimator&quot;:&quot;no&quot;}\" data-widget_type=\"text-editor.default\">\n\t\t\t\t<div class=\"elementor-widget-container\">\n\t\t\t\t\t\t\t\t\t<p><strong>Les prix du petit-d\u00e9jeuner est-il compris dans le prix ?<\/strong><br \/>Non, quand vous r\u00e9servez une chambre simple, le petit-d\u00e9jeuner n\u2019est pas compris mais peut se r\u00e9server s\u00e9par\u00e9ment de la chambre dans la m\u00eame commande. Cependant, vous pouvez aussi r\u00e9server l\u2019une de nos offres sp\u00e9ciales, qui contiennent toutes le petit-d\u00e9jeuner. Le prix du petit-d\u00e9jeuner est au tarif de 18\u20ac par personne et par jour.<\/p><p>\u00a0<\/p><p><strong>Les taxes de s\u00e9jour sont-elles incluses dans le tarif ?<\/strong><br \/>Non, la taxe de s\u00e9jour est \u00e0 r\u00e9gler sur place, au tarif de 0,80\u20ac par adulte par nuit.<\/p><p>\u00a0<\/p><p><strong>Est-ce que les tarifs et disponibilit\u00e9s sont les m\u00eames si je r\u00e9serve sur le site ou par t\u00e9l\u00e9phone ?<\/strong><br \/>Oui, il n\u2019y aucune diff\u00e9rence de prix ou de disponibilit\u00e9s selon que vous r\u00e9servez par t\u00e9l\u00e9phone ou sur notre site.<\/p><p>\u00a0<\/p><p><strong>Pourquoi avez-vous besoin des informations de ma carte de cr\u00e9dit ?<\/strong><br \/>Les informations bancaires servent uniquement en tant que garantie au cas o\u00f9 vous ne viendriez pas ou annuleriez tardivement.<\/p><p>\u00a0<\/p><p><strong>Quand et comment vais-je payer mon s\u00e9jour ?<\/strong><br \/>Vous payez \u00e0 la fin de votre s\u00e9jour, avec le moyen de paiement que vous souhaitez : carte bancaire, ch\u00e8que-vacances uniquement en format papier classique, esp\u00e8ces.<\/p><p>\u00a0<\/p><p><strong>Je n\u2019ai pas re\u00e7u de confirmation de r\u00e9servation. Comment faire ?<\/strong><br \/>Nous envoyons un mail de confirmation \u00e0 chaque r\u00e9servation. Cependant, si vous n\u2019avez pas re\u00e7u ce mail apr\u00e8s 15 minutes suivant votre r\u00e9servation, veuillez v\u00e9rifier dans vos mails ind\u00e9sirables. Si le mail n\u2019y est pas non plus, n\u2019h\u00e9sitez pas \u00e0 prendre contact avec nous.<\/p><p>\u00a0<\/p><p><strong>Quelles sont les conditions d\u2019annulation ?<\/strong><br \/>Vous pouvez annuler gratuitement votre r\u00e9servation jusqu\u2019\u00e0 48 heures avant le s\u00e9jour.<\/p><p><strong>Comment puis-je modifier ou annuler ma r\u00e9servation ?<\/strong><br \/>Vous pouvez \u00e0 tout moment g\u00e9rer votre r\u00e9servation en bas du site, en cliquant sur le lien \u00ab\u00a0G\u00e9rer mes r\u00e9servations\u00a0\u00bb dans la partie \u00ab\u00a0Liens pratiques\u00a0\u00bb. Votre num\u00e9ro de r\u00e9servation vous sera demand\u00e9.<\/p>\t\t\t\t\t\t\t\t<\/div>\n\t\t\t\t<\/div>\n\t\t\t\t<div class=\"elementor-element elementor-element-a569419 ob-harakiri-inherit ob-has-background-overlay elementor-widget elementor-widget-heading\" data-id=\"a569419\" data-element_type=\"widget\" data-settings=\"{&quot;_ob_use_harakiri&quot;:&quot;yes&quot;,&quot;_ob_harakiri_writing_mode&quot;:&quot;inherit&quot;,&quot;_ob_harakiri_text_clip&quot;:&quot;none&quot;,&quot;_ob_widget_stalker_use&quot;:&quot;no&quot;,&quot;_ob_poopart_use&quot;:&quot;yes&quot;,&quot;_ob_shadough_use&quot;:&quot;no&quot;,&quot;_ob_allow_hoveranimator&quot;:&quot;no&quot;}\" data-widget_type=\"heading.default\">\n\t\t\t\t<div class=\"elementor-widget-container\">\n\t\t\t\t\t<h2 class=\"elementor-heading-title elementor-size-default\">Various<\/h2>\t\t\t\t<\/div>\n\t\t\t\t<\/div>\n\t\t\t\t<div class=\"elementor-element elementor-element-4b14dccf ob-harakiri-inherit ob-has-background-overlay elementor-widget elementor-widget-text-editor\" data-id=\"4b14dccf\" data-element_type=\"widget\" data-settings=\"{&quot;_ob_use_harakiri&quot;:&quot;yes&quot;,&quot;_ob_harakiri_writing_mode&quot;:&quot;inherit&quot;,&quot;_ob_postman_use&quot;:&quot;no&quot;,&quot;_ob_widget_stalker_use&quot;:&quot;no&quot;,&quot;_ob_poopart_use&quot;:&quot;yes&quot;,&quot;_ob_shadough_use&quot;:&quot;no&quot;,&quot;_ob_allow_hoveranimator&quot;:&quot;no&quot;}\" data-widget_type=\"text-editor.default\">\n\t\t\t\t<div class=\"elementor-widget-container\">\n\t\t\t\t\t\t\t\t\t<p><strong>Is the spa private?<\/strong><br \/>The wellness area is equipped with a sauna and a jacuzzi. The spa is shared and only accessible to hotel guests. It is not private. It is open from 15:00 to 21:00 and from 08:30 to 12:00. Closed on Monday morning for maintenance.<\/p><p>\u00a0<\/p><p><strong>Do I need to book the spa?<\/strong><br \/>Depending on the occupancy of the hotel, we set up time slots in one-hour increments. We open the schedule each day upon arrival. It is possible that other guests book the same time.<\/p>\t\t\t\t\t\t\t\t<\/div>\n\t\t\t\t<\/div>\n\t\t\t\t\t<\/div>\n\t\t<\/div>\n\t\t\t\t\t<\/div>\n\t\t<\/section>\n\t\t\t\t<\/div>","protected":false},"excerpt":{"rendered":"<p>\/ FAQ If you have a question about the hotel, your booking or your future stay, you may find the answer here! If not, don't hesitate to get in touch by phone or email. The hotel What's the difference between a charming room and a luxury room?<\/p>","protected":false},"author":6,"featured_media":0,"parent":0,"menu_order":19,"comment_status":"closed","ping_status":"closed","template":"","meta":{"_acf_changed":false,"inline_featured_image":false,"footnotes":""},"class_list":["post-228","page","type-page","status-publish","hentry"],"acf":[],"_links":{"self":[{"href":"https:\/\/www.golf.najeti.fr\/en\/wp-json\/wp\/v2\/pages\/228","targetHints":{"allow":["GET"]}}],"collection":[{"href":"https:\/\/www.golf.najeti.fr\/en\/wp-json\/wp\/v2\/pages"}],"about":[{"href":"https:\/\/www.golf.najeti.fr\/en\/wp-json\/wp\/v2\/types\/page"}],"author":[{"embeddable":true,"href":"https:\/\/www.golf.najeti.fr\/en\/wp-json\/wp\/v2\/users\/6"}],"replies":[{"embeddable":true,"href":"https:\/\/www.golf.najeti.fr\/en\/wp-json\/wp\/v2\/comments?post=228"}],"version-history":[{"count":28,"href":"https:\/\/www.golf.najeti.fr\/en\/wp-json\/wp\/v2\/pages\/228\/revisions"}],"predecessor-version":[{"id":3563,"href":"https:\/\/www.golf.najeti.fr\/en\/wp-json\/wp\/v2\/pages\/228\/revisions\/3563"}],"wp:attachment":[{"href":"https:\/\/www.golf.najeti.fr\/en\/wp-json\/wp\/v2\/media?parent=228"}],"curies":[{"name":"wp","href":"https:\/\/api.w.org\/{rel}","templated":true}]}}